{"id":199,"date":"2015-10-01T07:52:01","date_gmt":"2015-10-01T07:52:01","guid":{"rendered":"http:\/\/v2.atner.ma\/?page_id=199"},"modified":"2021-12-15T20:09:32","modified_gmt":"2021-12-15T19:09:32","slug":"qui-sommes-nous","status":"publish","type":"page","link":"https:\/\/www.atner.ma\/index.php\/qui-sommes-nous\/","title":{"rendered":"UN TIERS DE SI\u00c8CLE D&#8217;EXPERTISE AU SERVICE DE L\u2019EAU"},"content":{"rendered":"\n<!-- <p class=\"textJustify\">Fond\u00e9e en <strong>1988<\/strong>, <strong>ATNER<\/strong> est <strong>leader<\/strong> national op\u00e9rant dans les services de l'eau et des travaux publics. <br>Aujourd'hui, <strong>ATNER<\/strong> dispose des comp\u00e9tences et des moyens qui couvrent l'ensemble des probl\u00e9matiques li\u00e9es \u00e0 l'hydraulique et l'environnement. L'entreprise se d\u00e9marque gr\u00e2ce aux connaissances, aux qualifications et \u00e0 l'expertise de son personnel et de ses dirigeants.<\/p> -->\n\n\n\n<div class=\"videoContainer\"><iframe loading=\"lazy\" src=\"https:\/\/www.atner.ma\/wp-content\/uploads\/2021\/12\/Slider-HTML.html\" width=\"100%\" height=\"600px\" scrolling=\"no\"><\/iframe><\/div>\n\n\n\n<div class=\"wp-block-group\"><div class=\"wp-block-group__inner-container is-layout-flow\">\n<div class=\"wp-block-group\"><div class=\"wp-block-group__inner-container is-layout-flow\">\n<!-- <div class=\"videoContainer\"><iframe loading=\"lazy\" src=\"https:\/\/www.atner.ma\/wp-content\/uploads\/2020\/05\/timeline.html\" width=\"100%\" height=\"700px\"><\/iframe><\/div> -->\n<\/div><\/div>\n<\/div><\/div>\n\n\n\n<script>\nconst isTheCorrectPage = window.location.href.includes(\"\/index.php\/qui-sommes-nous\")\nif (isTheCorrectPage) {\n   jQuery(\"#middle\").attr('id', 'middle-skip')\n   jQuery(\"#pageHead\").css(\"text-align\", \"center\")\n}\n<\/script>\n","protected":false},"excerpt":{"rendered":"","protected":false},"author":1,"featured_media":0,"parent":0,"menu_order":19,"comment_status":"closed","ping_status":"closed","template":"page-full-width.php","meta":[],"_links":{"self":[{"href":"https:\/\/www.atner.ma\/index.php\/wp-json\/wp\/v2\/pages\/199"}],"collection":[{"href":"https:\/\/www.atner.ma\/index.php\/wp-json\/wp\/v2\/pages"}],"about":[{"href":"https:\/\/www.atner.ma\/index.php\/wp-json\/wp\/v2\/types\/page"}],"author":[{"embeddable":true,"href":"https:\/\/www.atner.ma\/index.php\/wp-json\/wp\/v2\/users\/1"}],"replies":[{"embeddable":true,"href":"https:\/\/www.atner.ma\/index.php\/wp-json\/wp\/v2\/comments?post=199"}],"version-history":[{"count":72,"href":"https:\/\/www.atner.ma\/index.php\/wp-json\/wp\/v2\/pages\/199\/revisions"}],"predecessor-version":[{"id":5149,"href":"https:\/\/www.atner.ma\/index.php\/wp-json\/wp\/v2\/pages\/199\/revisions\/5149"}],"wp:attachment":[{"href":"https:\/\/www.atner.ma\/index.php\/wp-json\/wp\/v2\/media?parent=199"}],"curies":[{"name":"wp","href":"https:\/\/api.w.org\/{rel}","templated":true}]}}