{"id":283,"date":"2015-10-17T18:02:28","date_gmt":"2015-10-17T18:02:28","guid":{"rendered":"http:\/\/v2.atner.ma\/?page_id=283"},"modified":"2022-10-31T15:06:33","modified_gmt":"2022-10-31T14:06:33","slug":"traitement-des-eaux","status":"publish","type":"page","link":"https:\/\/www.atner.ma\/index.php\/traitement-des-eaux\/","title":{"rendered":"TRAITEMENT DES EAUX"},"content":{"rendered":"\n<style>\n.container {\n  position: relative;\n\/*  max-width: 800px; *\/ \/* Maximum width *\/\n   width: 100%; \/* Full width *\/\n  min-height: 400px;\n  margin: 0 auto; \/* Center it *\/\n}\n.content {\n  position: absolute; \/* Position the background text *\/\n  bottom: 0; \/* At the bottom. Use top:0 to append it to the top *\/\n  background: rgb(0, 0, 0); \/* Fallback color *\/\n  background: rgba(0, 0, 0, 0.5); \/* Black background with 0.5 opacity *\/\n  color: #f1f1f1; \/* Grey text *\/\n  padding: 5%; \/* Some padding *\/\n}\n\np {\n  margin-bottom: 0 !important;\n}\n\n<\/style>\n\n\n\n<div class=\"container\">\n  <img decoding=\"async\" src=\"https:\/\/www.atner.ma\/wp-content\/uploads\/2020\/04\/TRAITEMENT-EAUX-BG.jpg\" style=\"width:100%;\">\n  <div class=\"content\">\n    <p class=\"textJustify\">\nConsciente de l\u2019enjeu environnemental mondial et de la n\u00e9cessit\u00e9 d\u2019optimiser l\u2019utilisation de la ressource en eau, \n<strong>ATNER<\/strong> est devenue un acteur incontournable dans l\u2019\u00e9dification des stations de traitement de l\u2019eau potable, de dessalement et d\u2019\u00e9puration.\nPar le biais de nombreux partenariats et avec la restructuration de ses ressources humaines, <strong>ATNER<\/strong> est dot\u00e9e d\u2019experts hautement qualifi\u00e9s dans le domaine de traitement des eaux et offre un large choix et des solutions cl\u00e9 en main adapt\u00e9es aux exigences et contraintes de chaque client.\n<\/p>\n  <\/div>\n<\/div>\n","protected":false},"excerpt":{"rendered":"<p>Consciente de l\u2019enjeu environnemental mondial et de la n\u00e9cessit\u00e9 d\u2019optimiser l\u2019utilisation de la ressource en eau, ATNER est devenue un acteur incontournable dans l\u2019\u00e9dification des stations de traitement de l\u2019eau potable, de dessalement et d\u2019\u00e9puration. Par le biais de nombreux partenariats et avec la restructuration de ses ressources humaines, ATNER est dot\u00e9e d\u2019experts hautement qualifi\u00e9s [&hellip;]<\/p>\n","protected":false},"author":1,"featured_media":372,"parent":0,"menu_order":35,"comment_status":"closed","ping_status":"closed","template":"page-full-width.php","meta":[],"_links":{"self":[{"href":"https:\/\/www.atner.ma\/index.php\/wp-json\/wp\/v2\/pages\/283"}],"collection":[{"href":"https:\/\/www.atner.ma\/index.php\/wp-json\/wp\/v2\/pages"}],"about":[{"href":"https:\/\/www.atner.ma\/index.php\/wp-json\/wp\/v2\/types\/page"}],"author":[{"embeddable":true,"href":"https:\/\/www.atner.ma\/index.php\/wp-json\/wp\/v2\/users\/1"}],"replies":[{"embeddable":true,"href":"https:\/\/www.atner.ma\/index.php\/wp-json\/wp\/v2\/comments?post=283"}],"version-history":[{"count":22,"href":"https:\/\/www.atner.ma\/index.php\/wp-json\/wp\/v2\/pages\/283\/revisions"}],"predecessor-version":[{"id":5424,"href":"https:\/\/www.atner.ma\/index.php\/wp-json\/wp\/v2\/pages\/283\/revisions\/5424"}],"wp:featuredmedia":[{"embeddable":true,"href":"https:\/\/www.atner.ma\/index.php\/wp-json\/wp\/v2\/media\/372"}],"wp:attachment":[{"href":"https:\/\/www.atner.ma\/index.php\/wp-json\/wp\/v2\/media?parent=283"}],"curies":[{"name":"wp","href":"https:\/\/api.w.org\/{rel}","templated":true}]}}