{"id":3504,"date":"2019-09-04T09:12:44","date_gmt":"2019-09-04T08:12:44","guid":{"rendered":"https:\/\/www.atner.ma\/index.php\/tableau-de-bord-des-offres-demploi\/"},"modified":"2019-09-04T16:16:57","modified_gmt":"2019-09-04T15:16:57","slug":"tableau-de-bord-des-offres-demploi","status":"publish","type":"page","link":"https:\/\/www.atner.ma\/index.php\/tableau-de-bord-des-offres-demploi\/","title":{"rendered":"tableau-de-bord-des-offres-demploi"},"content":{"rendered":"<div id=\"job-manager-job-dashboard\">\n\n\t<p class=\"account-sign-in\">Vous devez \u00eatre connect\u00e9 pour g\u00e9rer vos postes. <a class=\"button\" href=\"https:\/\/www.atner.ma\/login\/?redirect_to=https%3A%2F%2Fwww.atner.ma%2Findex.php%2Ftableau-de-bord-des-offres-demploi%2F\">Connectez-vous<\/a><\/p>\n\n<\/div>\n\n","protected":false},"excerpt":{"rendered":"","protected":false},"author":1,"featured_media":0,"parent":0,"menu_order":36,"comment_status":"closed","ping_status":"closed","template":"","meta":[],"_links":{"self":[{"href":"https:\/\/www.atner.ma\/index.php\/wp-json\/wp\/v2\/pages\/3504"}],"collection":[{"href":"https:\/\/www.atner.ma\/index.php\/wp-json\/wp\/v2\/pages"}],"about":[{"href":"https:\/\/www.atner.ma\/index.php\/wp-json\/wp\/v2\/types\/page"}],"author":[{"embeddable":true,"href":"https:\/\/www.atner.ma\/index.php\/wp-json\/wp\/v2\/users\/1"}],"replies":[{"embeddable":true,"href":"https:\/\/www.atner.ma\/index.php\/wp-json\/wp\/v2\/comments?post=3504"}],"version-history":[{"count":2,"href":"https:\/\/www.atner.ma\/index.php\/wp-json\/wp\/v2\/pages\/3504\/revisions"}],"predecessor-version":[{"id":3516,"href":"https:\/\/www.atner.ma\/index.php\/wp-json\/wp\/v2\/pages\/3504\/revisions\/3516"}],"wp:attachment":[{"href":"https:\/\/www.atner.ma\/index.php\/wp-json\/wp\/v2\/media?parent=3504"}],"curies":[{"name":"wp","href":"https:\/\/api.w.org\/{rel}","templated":true}]}}