{"id":4329,"date":"2020-05-27T15:18:03","date_gmt":"2020-05-27T14:18:03","guid":{"rendered":"https:\/\/www.atner.ma\/?page_id=4329"},"modified":"2020-05-28T14:40:28","modified_gmt":"2020-05-28T13:40:28","slug":"notifications","status":"publish","type":"page","link":"https:\/\/www.atner.ma\/index.php\/notifications\/","title":{"rendered":"Souscrire aux notifications du Journal Interne"},"content":{"rendered":"\n<script charset=\"UTF-8\" src=\"\/\/web.webpushs.com\/js\/push\/f9ff36cda0e62499a29f75887de3f359_1.js\" async=\"\"><\/script>\n\n\n\n<p>Afin d&#8217;\u00eatre inform\u00e9 des derni\u00e8res mises \u00e0 jour du Journal Interne, nous vous proposons cette m\u00e9thode pour activer les notifications :<\/p>\n\n\n\n<ul><li>Cliquez sur ce lien pour activer les notifications : <a href=\"#\" class=\"sp_notify_prompt\">Activer les notifications<\/a><\/li><\/ul>\n\n\n\n<ul><li>Cliquez sur l&#8217;icone en forme de cloche (en haut \u00e0 droite de la barre de d&#8217;adresse) et autorisez les notifications pour ce site :<\/li><\/ul>\n\n\n\n<figure class=\"wp-block-image size-large\"><img decoding=\"async\" loading=\"lazy\" width=\"499\" height=\"257\" src=\"https:\/\/www.atner.ma\/wp-content\/uploads\/2020\/05\/image.png\" alt=\"\" class=\"wp-image-4337\" srcset=\"https:\/\/www.atner.ma\/wp-content\/uploads\/2020\/05\/image.png 499w, https:\/\/www.atner.ma\/wp-content\/uploads\/2020\/05\/image-300x155.png 300w\" sizes=\"(max-width: 499px) 100vw, 499px\" \/><figcaption><br><\/figcaption><\/figure>\n\n\n\n<p>Dans certains navigateurs, le message suivant est affich\u00e9 (en haut \u00e0 gauche de la barre d&#8217;adresse, ou au centre la page pour les t\u00e9l\u00e9phones), cliquez sur <strong>Autoriser <\/strong>:<\/p>\n\n\n\n<figure class=\"wp-block-image size-large\"><img decoding=\"async\" loading=\"lazy\" width=\"773\" height=\"344\" src=\"https:\/\/www.atner.ma\/wp-content\/uploads\/2020\/05\/image-3.png\" alt=\"\" class=\"wp-image-4346\" srcset=\"https:\/\/www.atner.ma\/wp-content\/uploads\/2020\/05\/image-3.png 773w, https:\/\/www.atner.ma\/wp-content\/uploads\/2020\/05\/image-3-300x134.png 300w, https:\/\/www.atner.ma\/wp-content\/uploads\/2020\/05\/image-3-768x342.png 768w\" sizes=\"(max-width: 773px) 100vw, 773px\" \/><\/figure>\n\n\n\n<p><\/p>\n\n\n\n<p>Une fois autoris\u00e9, attendez un moment le temps de recevoir une notification dans votre bureau :<\/p>\n\n\n\n<figure class=\"wp-block-image size-large\"><img decoding=\"async\" loading=\"lazy\" width=\"488\" height=\"256\" src=\"https:\/\/www.atner.ma\/wp-content\/uploads\/2020\/05\/image-2.png\" alt=\"\" class=\"wp-image-4344\" srcset=\"https:\/\/www.atner.ma\/wp-content\/uploads\/2020\/05\/image-2.png 488w, https:\/\/www.atner.ma\/wp-content\/uploads\/2020\/05\/image-2-300x157.png 300w\" sizes=\"(max-width: 488px) 100vw, 488px\" \/><\/figure>\n\n\n\n<p><\/p>\n\n\n\n<h3 class=\"wp-block-heading\">Que faire si je ne re\u00e7ois pas de notification ?<\/h3>\n\n\n\n<p>Si apr\u00e8s<strong> 5 minutes<\/strong>, vous ne recevez pas de notification d&#8217;ATNER, v\u00e9rifiez que Windows autorise les notifications de votre navigateur.<\/p>\n\n\n\n<h4 class=\"wp-block-heading\">Sur Windows, suivez ces \u00e9tapes :<\/h4>\n\n\n\n<ul><li>D\u00e9marrer, puis \u00e9crire : <strong>notifications<\/strong><\/li><li>Cliquez sur : <strong>Choisir les applications qui affichent des notifications<\/strong><\/li><\/ul>\n\n\n\n<figure class=\"wp-block-image size-large\"><img decoding=\"async\" loading=\"lazy\" width=\"1014\" height=\"844\" src=\"https:\/\/www.atner.ma\/wp-content\/uploads\/2020\/05\/image-7.png\" alt=\"\" class=\"wp-image-4351\" srcset=\"https:\/\/www.atner.ma\/wp-content\/uploads\/2020\/05\/image-7.png 1014w, https:\/\/www.atner.ma\/wp-content\/uploads\/2020\/05\/image-7-300x250.png 300w, https:\/\/www.atner.ma\/wp-content\/uploads\/2020\/05\/image-7-768x639.png 768w\" sizes=\"(max-width: 1014px) 100vw, 1014px\" \/><\/figure>\n\n\n\n<ul><li><strong>Sur Windows 10<\/strong>, La fen\u00eatre suivante est affich\u00e9e, v\u00e9rifiez que votre <strong>navigateur <\/strong>est bien <strong>activ\u00e9<\/strong>. Comme montr\u00e9 ci-dessous pour Google Chrome :<\/li><\/ul>\n\n\n\n<figure class=\"wp-block-image size-large\"><img decoding=\"async\" loading=\"lazy\" width=\"1024\" height=\"853\" src=\"https:\/\/www.atner.ma\/wp-content\/uploads\/2020\/05\/image-5-1024x853.png\" alt=\"\" class=\"wp-image-4349\" srcset=\"https:\/\/www.atner.ma\/wp-content\/uploads\/2020\/05\/image-5-1024x853.png 1024w, https:\/\/www.atner.ma\/wp-content\/uploads\/2020\/05\/image-5-300x250.png 300w, https:\/\/www.atner.ma\/wp-content\/uploads\/2020\/05\/image-5-768x640.png 768w, https:\/\/www.atner.ma\/wp-content\/uploads\/2020\/05\/image-5.png 1028w\" sizes=\"(max-width: 1024px) 100vw, 1024px\" \/><figcaption>Choisir les applications qui affichent des notifications<strong> Sur Windows 10<\/strong><\/figcaption><\/figure>\n\n\n\n<p>Sur Windows 8, une fen\u00eatre similaire est affich\u00e9e, <strong>descendez en bas<\/strong> et v\u00e9rifiez que votre <strong>navigateur <\/strong>est bien <strong>activ\u00e9<\/strong>.<\/p>\n\n\n\n<p><\/p>\n\n\n\n<p><\/p>\n","protected":false},"excerpt":{"rendered":"<p>Afin d&#8217;\u00eatre inform\u00e9 des derni\u00e8res mises \u00e0 jour du Journal Interne, nous vous proposons cette m\u00e9thode pour activer les notifications : Cliquez sur ce lien pour activer les notifications : Activer les notifications Cliquez sur l&#8217;icone en forme de cloche (en haut \u00e0 droite de la barre de d&#8217;adresse) et autorisez les notifications pour ce [&hellip;]<\/p>\n","protected":false},"author":1,"featured_media":0,"parent":0,"menu_order":0,"comment_status":"closed","ping_status":"closed","template":"","meta":[],"_links":{"self":[{"href":"https:\/\/www.atner.ma\/index.php\/wp-json\/wp\/v2\/pages\/4329"}],"collection":[{"href":"https:\/\/www.atner.ma\/index.php\/wp-json\/wp\/v2\/pages"}],"about":[{"href":"https:\/\/www.atner.ma\/index.php\/wp-json\/wp\/v2\/types\/page"}],"author":[{"embeddable":true,"href":"https:\/\/www.atner.ma\/index.php\/wp-json\/wp\/v2\/users\/1"}],"replies":[{"embeddable":true,"href":"https:\/\/www.atner.ma\/index.php\/wp-json\/wp\/v2\/comments?post=4329"}],"version-history":[{"count":9,"href":"https:\/\/www.atner.ma\/index.php\/wp-json\/wp\/v2\/pages\/4329\/revisions"}],"predecessor-version":[{"id":4352,"href":"https:\/\/www.atner.ma\/index.php\/wp-json\/wp\/v2\/pages\/4329\/revisions\/4352"}],"wp:attachment":[{"href":"https:\/\/www.atner.ma\/index.php\/wp-json\/wp\/v2\/media?parent=4329"}],"curies":[{"name":"wp","href":"https:\/\/api.w.org\/{rel}","templated":true}]}}