{"id":607,"date":"2015-12-09T15:31:33","date_gmt":"2015-12-09T14:31:33","guid":{"rendered":"http:\/\/atner.ma\/?page_id=607"},"modified":"2022-11-10T17:12:34","modified_gmt":"2022-11-10T16:12:34","slug":"nos-clients-2","status":"publish","type":"page","link":"https:\/\/www.atner.ma\/index.php\/nos-clients-2\/","title":{"rendered":"ILS NOUS FONT CONFIANCE"},"content":{"rendered":"\n<style>\nul {\n    padding-top: 20px;\n    margin-bottom: 0 !important;\n    padding-bottom: 0 !important;\n}\n.wp-block-image img {\n    max-width: 800px; \n    width: 100%;\n}\n<\/style>\n\n\n<div style=\"text-align: justify;\">ATNER s&#8217;engage vis \u00e0 vis de ses clients \u00e0 assurer :<p><\/p>\n<ul>\n<li>Un accompagnement personnalis\u00e9 dans l\u2019\u00e9laboration et le montage des projets.<\/li>\n<li>La r\u00e9alisation des \u00e9tudes techniques pointues.<\/li>\n<li>Des ouvrages de qualit\u00e9 r\u00e9alis\u00e9s dans le respect optimal des d\u00e9lais et des normes en vigueur.<\/li>\n<li>L\u2019\u00e9coute permanente, le savoir-faire et la r\u00e9activit\u00e9 d\u2019une \u00e9quipe de professionnels sp\u00e9cialis\u00e9s.<\/li>\n<li>Le respect de l\u2019environnement.<\/li>\n<\/ul>\n<\/div>\n\n\n<br>\n<div class=\"videoContainer\"><iframe loading=\"lazy\" src=\"https:\/\/www.atner.ma\/wp-content\/uploads\/2022\/11\/Logo-banner-1.html\" width=\"100%\" height=\"200px\" scrolling=\"no\"><\/iframe><\/div>\n\n\n\n<script>\n\/* const isTheCorrectPage = window.location.href.includes(\"\/index.php\/nos-clients-2\")\nif (isTheCorrectPage) {\n   jQuery(\"#middle\").attr('id', 'middle-skip')\n   jQuery(\"#pageHead\").css(\"text-align\", \"center\")\n}*\/\n<\/script>\n","protected":false},"excerpt":{"rendered":"<p>ATNER s&#8217;engage vis \u00e0 vis de ses clients \u00e0 assurer : Un accompagnement personnalis\u00e9 dans l\u2019\u00e9laboration et le montage des projets. La r\u00e9alisation des \u00e9tudes techniques pointues. Des ouvrages de qualit\u00e9 r\u00e9alis\u00e9s dans le respect optimal des d\u00e9lais et des normes en vigueur. L\u2019\u00e9coute permanente, le savoir-faire et la r\u00e9activit\u00e9 d\u2019une \u00e9quipe de professionnels sp\u00e9cialis\u00e9s. [&hellip;]<\/p>\n","protected":false},"author":1,"featured_media":0,"parent":0,"menu_order":24,"comment_status":"closed","ping_status":"closed","template":"page-full-width.php","meta":[],"_links":{"self":[{"href":"https:\/\/www.atner.ma\/index.php\/wp-json\/wp\/v2\/pages\/607"}],"collection":[{"href":"https:\/\/www.atner.ma\/index.php\/wp-json\/wp\/v2\/pages"}],"about":[{"href":"https:\/\/www.atner.ma\/index.php\/wp-json\/wp\/v2\/types\/page"}],"author":[{"embeddable":true,"href":"https:\/\/www.atner.ma\/index.php\/wp-json\/wp\/v2\/users\/1"}],"replies":[{"embeddable":true,"href":"https:\/\/www.atner.ma\/index.php\/wp-json\/wp\/v2\/comments?post=607"}],"version-history":[{"count":79,"href":"https:\/\/www.atner.ma\/index.php\/wp-json\/wp\/v2\/pages\/607\/revisions"}],"predecessor-version":[{"id":5500,"href":"https:\/\/www.atner.ma\/index.php\/wp-json\/wp\/v2\/pages\/607\/revisions\/5500"}],"wp:attachment":[{"href":"https:\/\/www.atner.ma\/index.php\/wp-json\/wp\/v2\/media?parent=607"}],"curies":[{"name":"wp","href":"https:\/\/api.w.org\/{rel}","templated":true}]}}